{"id":7,"date":"2025-06-30T11:47:28","date_gmt":"2025-06-30T09:47:28","guid":{"rendered":"https:\/\/art-delaunay.com\/?page_id=7"},"modified":"2026-04-02T12:04:49","modified_gmt":"2026-04-02T10:04:49","slug":"accueil","status":"publish","type":"page","link":"https:\/\/art-delaunay.com\/","title":{"rendered":"Accueil"},"content":{"rendered":"\n<div class=\"wp-block-group alignfull is-layout-constrained wp-block-group-is-layout-constrained\">\n<div class=\"wp-block-group alignwide is-content-justification-space-between is-layout-flex wp-container-core-group-is-layout-901ef6e1 wp-block-group-is-layout-flex\" style=\"padding-top:var(--wp--custom--spacing--small, 1.25rem);padding-bottom:var(--wp--custom--spacing--large, 8rem)\">\n<div class=\"wp-block-group is-layout-flex wp-block-group-is-layout-flex\"><div class=\"wp-block-site-logo\"><a href=\"https:\/\/art-delaunay.com\/\" class=\"custom-logo-link\" rel=\"home\"><img loading=\"lazy\" decoding=\"async\" width=\"64\" height=\"22\" src=\"https:\/\/art-delaunay.com\/wp-content\/uploads\/2025\/08\/Logo-DELAUNAY.jpg\" class=\"custom-logo\" alt=\"art-delaunay.com\" srcset=\"https:\/\/art-delaunay.com\/wp-content\/uploads\/2025\/08\/Logo-DELAUNAY.jpg 1292w, https:\/\/art-delaunay.com\/wp-content\/uploads\/2025\/08\/Logo-DELAUNAY-300x105.jpg 300w, https:\/\/art-delaunay.com\/wp-content\/uploads\/2025\/08\/Logo-DELAUNAY-1024x357.jpg 1024w, https:\/\/art-delaunay.com\/wp-content\/uploads\/2025\/08\/Logo-DELAUNAY-768x268.jpg 768w\" sizes=\"auto, (max-width: 64px) 100vw, 64px\" \/><\/a><\/div>\n\n<h1 style=\"font-style:italic;font-weight:400;\" class=\"wp-block-site-title\"><a href=\"https:\/\/art-delaunay.com\" target=\"_self\" rel=\"home\">art-delaunay.com<\/a><\/h1><\/div>\n\n\n<nav class=\"is-responsive items-justified-right wp-block-navigation is-content-justification-right is-layout-flex wp-container-core-navigation-is-layout-f665d2b5 wp-block-navigation-is-layout-flex\" aria-label=\"Menu 2\" \n\t\t data-wp-interactive=\"core\/navigation\" data-wp-context='{\"overlayOpenedBy\":{\"click\":false,\"hover\":false,\"focus\":false},\"type\":\"overlay\",\"roleAttribute\":\"\",\"ariaLabel\":\"Menu\"}'><button aria-haspopup=\"dialog\" aria-label=\"Ouvrir le menu\" class=\"wp-block-navigation__responsive-container-open\" \n\t\t\t\tdata-wp-on--click=\"actions.openMenuOnClick\"\n\t\t\t\tdata-wp-on--keydown=\"actions.handleMenuKeydown\"\n\t\t\t><svg width=\"24\" height=\"24\" xmlns=\"http:\/\/www.w3.org\/2000\/svg\" viewBox=\"0 0 24 24\" aria-hidden=\"true\" focusable=\"false\"><path d=\"M4 7.5h16v1.5H4z\"><\/path><path d=\"M4 15h16v1.5H4z\"><\/path><\/svg><\/button>\n\t\t\t\t<div class=\"wp-block-navigation__responsive-container\"  id=\"modal-1\" \n\t\t\t\tdata-wp-class--has-modal-open=\"state.isMenuOpen\"\n\t\t\t\tdata-wp-class--is-menu-open=\"state.isMenuOpen\"\n\t\t\t\tdata-wp-watch=\"callbacks.initMenu\"\n\t\t\t\tdata-wp-on--keydown=\"actions.handleMenuKeydown\"\n\t\t\t\tdata-wp-on--focusout=\"actions.handleMenuFocusout\"\n\t\t\t\ttabindex=\"-1\"\n\t\t\t>\n\t\t\t\t\t<div class=\"wp-block-navigation__responsive-close\" tabindex=\"-1\">\n\t\t\t\t\t\t<div class=\"wp-block-navigation__responsive-dialog\" \n\t\t\t\tdata-wp-bind--aria-modal=\"state.ariaModal\"\n\t\t\t\tdata-wp-bind--aria-label=\"state.ariaLabel\"\n\t\t\t\tdata-wp-bind--role=\"state.roleAttribute\"\n\t\t\t>\n\t\t\t\t\t\t\t<button aria-label=\"Fermer le menu\" class=\"wp-block-navigation__responsive-container-close\" \n\t\t\t\tdata-wp-on--click=\"actions.closeMenuOnClick\"\n\t\t\t><svg xmlns=\"http:\/\/www.w3.org\/2000\/svg\" viewBox=\"0 0 24 24\" width=\"24\" height=\"24\" aria-hidden=\"true\" focusable=\"false\"><path d=\"m13.06 12 6.47-6.47-1.06-1.06L12 10.94 5.53 4.47 4.47 5.53 10.94 12l-6.47 6.47 1.06 1.06L12 13.06l6.47 6.47 1.06-1.06L13.06 12Z\"><\/path><\/svg><\/button>\n\t\t\t\t\t\t\t<div class=\"wp-block-navigation__responsive-container-content\" \n\t\t\t\tdata-wp-watch=\"callbacks.focusFirstElement\"\n\t\t\t id=\"modal-1-content\">\n\t\t\t\t\t\t\t\t<ul class=\"wp-block-navigation__container is-responsive items-justified-right wp-block-navigation\"><li class=\" wp-block-navigation-item wp-block-navigation-link\"><a class=\"wp-block-navigation-item__content\"  href=\"https:\/\/art-delaunay.com\/\"><span class=\"wp-block-navigation-item__label\">Accueil<\/span><\/a><\/li><li class=\" wp-block-navigation-item wp-block-navigation-link\"><a class=\"wp-block-navigation-item__content\"  href=\"https:\/\/art-delaunay.com\/index.php\/2025\/07\/11\/peintures\/\"><span class=\"wp-block-navigation-item__label\">Peintures<\/span><\/a><\/li><li class=\" wp-block-navigation-item wp-block-navigation-link\"><a class=\"wp-block-navigation-item__content\"  href=\"https:\/\/art-delaunay.com\/index.php\/contact\/\"><span class=\"wp-block-navigation-item__label\">Contact<\/span><\/a><\/li><\/ul>\n\t\t\t\t\t\t\t<\/div>\n\t\t\t\t\t\t<\/div>\n\t\t\t\t\t<\/div>\n\t\t\t\t<\/div><\/nav><\/div>\n\n\n<\/div>\n\n\n\n<hr class=\"wp-block-separator has-alpha-channel-opacity\"\/>\n\n\n\n<p class=\"has-text-align-center has-x-large-font-size\" style=\"padding-right:var(--wp--preset--spacing--80);padding-left:var(--wp--preset--spacing--80)\"><strong>Ma peinture, ma vie. Ma vie, ma peinture.<\/strong><\/p>\n\n\n\n<figure class=\"wp-block-image size-large\"><img loading=\"lazy\" decoding=\"async\" width=\"1024\" height=\"357\" src=\"https:\/\/art-delaunay.com\/wp-content\/uploads\/2025\/08\/Logo-DELAUNAY-2-1024x357.jpg\" alt=\"\" class=\"wp-image-277\" srcset=\"https:\/\/art-delaunay.com\/wp-content\/uploads\/2025\/08\/Logo-DELAUNAY-2-1024x357.jpg 1024w, https:\/\/art-delaunay.com\/wp-content\/uploads\/2025\/08\/Logo-DELAUNAY-2-300x105.jpg 300w, https:\/\/art-delaunay.com\/wp-content\/uploads\/2025\/08\/Logo-DELAUNAY-2-768x268.jpg 768w, https:\/\/art-delaunay.com\/wp-content\/uploads\/2025\/08\/Logo-DELAUNAY-2.jpg 1292w\" sizes=\"auto, (max-width: 1024px) 100vw, 1024px\" \/><\/figure>\n\n\n\n<p class=\"has-text-align-center has-background-color has-vivid-red-background-color has-text-color has-background has-large-font-size\">Lorsque je peins, je me mets \u00e0 nu.<\/p>\n\n\n\n<p class=\"has-text-align-center has-background-color has-vivid-red-background-color has-text-color has-background has-large-font-size\">Mon regard se pose sur une toile blanche et j&rsquo;attends que mon cerveau m&rsquo;indique le chemin \u00e0 prendre. Je sens monter en moi des \u00e9motions, des sensations, mon cerveau a le d\u00e9clic et c&rsquo;est parti pour l&rsquo;inconnu. Je rentre petit \u00e0 petit dans une transe qui m&rsquo;obs\u00e8de, une id\u00e9e arrive, une autre rebondit, les couleurs \u00e9clatent sous mes pinceaux et tout cela construit ma cr\u00e9ation. Mon cerveau est sous pression, il faut que je jette mes pens\u00e9es, mon pass\u00e9, l&rsquo;instant pr\u00e9sent et j&rsquo;anticipe mon futur en passant par plusieurs \u00e9tapes ; positif, perturb\u00e9, color\u00e9, et la toile commence \u00e0 me parler \u00e0 voix basse en me d\u00e9clarant \u00ab\u00a0Gr\u00e2ce \u00e0 toi, je suis vivante\u00a0\u00bb.<\/p>\n\n\n\n<hr class=\"wp-block-separator has-alpha-channel-opacity\"\/>\n\n\n\n<p class=\"has-text-align-center\">Rejoignez-moi sur Facebook :<\/p>\n\n\n\n<ul class=\"wp-block-social-links aligncenter is-layout-flex wp-block-social-links-is-layout-flex\"><li class=\"wp-social-link wp-social-link-facebook  wp-block-social-link\"><a href=\"https:\/\/www.facebook.com\/fred.delaunay.965\" class=\"wp-block-social-link-anchor\"><svg width=\"24\" height=\"24\" viewBox=\"0 0 24 24\" version=\"1.1\" xmlns=\"http:\/\/www.w3.org\/2000\/svg\" aria-hidden=\"true\" focusable=\"false\"><path d=\"M12 2C6.5 2 2 6.5 2 12c0 5 3.7 9.1 8.4 9.9v-7H7.9V12h2.5V9.8c0-2.5 1.5-3.9 3.8-3.9 1.1 0 2.2.2 2.2.2v2.5h-1.3c-1.2 0-1.6.8-1.6 1.6V12h2.8l-.4 2.9h-2.3v7C18.3 21.1 22 17 22 12c0-5.5-4.5-10-10-10z\"><\/path><\/svg><span class=\"wp-block-social-link-label screen-reader-text\">Facebook<\/span><\/a><\/li><\/ul>\n","protected":false},"excerpt":{"rendered":"<p>Ma peinture, ma vie. Ma vie, ma peinture. Lorsque je peins, je me mets \u00e0 nu. Mon regard se pose sur une toile blanche et j&rsquo;attends que mon cerveau m&rsquo;indique le chemin \u00e0 prendre. Je sens monter en moi des \u00e9motions, des sensations, mon cerveau a le d\u00e9clic et c&rsquo;est parti pour l&rsquo;inconnu. Je rentre [&hellip;]<\/p>\n","protected":false},"author":1,"featured_media":0,"parent":0,"menu_order":0,"comment_status":"closed","ping_status":"closed","template":"page-large-header","meta":{"footnotes":""},"class_list":["post-7","page","type-page","status-publish","hentry"],"_links":{"self":[{"href":"https:\/\/art-delaunay.com\/index.php\/wp-json\/wp\/v2\/pages\/7","targetHints":{"allow":["GET"]}}],"collection":[{"href":"https:\/\/art-delaunay.com\/index.php\/wp-json\/wp\/v2\/pages"}],"about":[{"href":"https:\/\/art-delaunay.com\/index.php\/wp-json\/wp\/v2\/types\/page"}],"author":[{"embeddable":true,"href":"https:\/\/art-delaunay.com\/index.php\/wp-json\/wp\/v2\/users\/1"}],"replies":[{"embeddable":true,"href":"https:\/\/art-delaunay.com\/index.php\/wp-json\/wp\/v2\/comments?post=7"}],"version-history":[{"count":35,"href":"https:\/\/art-delaunay.com\/index.php\/wp-json\/wp\/v2\/pages\/7\/revisions"}],"predecessor-version":[{"id":524,"href":"https:\/\/art-delaunay.com\/index.php\/wp-json\/wp\/v2\/pages\/7\/revisions\/524"}],"wp:attachment":[{"href":"https:\/\/art-delaunay.com\/index.php\/wp-json\/wp\/v2\/media?parent=7"}],"curies":[{"name":"wp","href":"https:\/\/api.w.org\/{rel}","templated":true}]}}