{"id":2,"date":"2025-04-04T10:32:25","date_gmt":"2025-04-04T08:32:25","guid":{"rendered":"http:\/\/art-delaunay.com\/?page_id=2"},"modified":"2026-04-02T11:49:41","modified_gmt":"2026-04-02T09:49:41","slug":"contact","status":"publish","type":"page","link":"https:\/\/art-delaunay.com\/index.php\/contact\/","title":{"rendered":"Contact"},"content":{"rendered":"\n<hr class=\"wp-block-separator has-alpha-channel-opacity\"\/>\n\n\n\n<p class=\"has-vivid-red-background-color has-background\">Bienvenue \u00e0 toutes et \u00e0 tous. Si vous d\u00e9sirez rejoindre mon univers pour des \u00e9ventuelles expositions, d\u00e9couvrir mes cr\u00e9ations n&rsquo;h\u00e9sitez pas \u00e0 me contacter&nbsp;. Ma philosophie artistique est con\u00e7ue et accessible \u00e0 tous, avec des prix attractifs. je permets \u00e0 toutes les situations financi\u00e8res de poss\u00e9der une de mes cr\u00e9ations.<\/p>\n\n\n\n<p class=\"has-vivid-red-background-color has-background\">Des visites de mon atelier sont possibles de 9h00 \u00e0 17h00 sur rendez-vous, contactez-moi :<\/p>\n\n\n\n<div class=\"wp-block-media-text is-stacked-on-mobile\" style=\"grid-template-columns:15% auto\"><figure class=\"wp-block-media-text__media\"><img loading=\"lazy\" decoding=\"async\" width=\"150\" height=\"150\" src=\"https:\/\/art-delaunay.com\/wp-content\/uploads\/2026\/04\/enveloppe-de-courrier-electronique-150x150.png\" alt=\"\" class=\"wp-image-511 size-thumbnail\" srcset=\"https:\/\/art-delaunay.com\/wp-content\/uploads\/2026\/04\/enveloppe-de-courrier-electronique-150x150.png 150w, https:\/\/art-delaunay.com\/wp-content\/uploads\/2026\/04\/enveloppe-de-courrier-electronique-300x300.png 300w, https:\/\/art-delaunay.com\/wp-content\/uploads\/2026\/04\/enveloppe-de-courrier-electronique.png 512w\" sizes=\"auto, (max-width: 150px) 100vw, 150px\" \/><\/figure><div class=\"wp-block-media-text__content\">\n<p class=\"has-large-font-size\">delaunayfrederic910@gmail.com<\/p>\n<\/div><\/div>\n\n\n\n<div class=\"wp-block-media-text is-stacked-on-mobile\" style=\"grid-template-columns:15% auto\"><figure class=\"wp-block-media-text__media\"><img loading=\"lazy\" decoding=\"async\" width=\"150\" height=\"150\" src=\"https:\/\/art-delaunay.com\/wp-content\/uploads\/2026\/04\/appel-telephonique-150x150.png\" alt=\"\" class=\"wp-image-512 size-thumbnail\" srcset=\"https:\/\/art-delaunay.com\/wp-content\/uploads\/2026\/04\/appel-telephonique-150x150.png 150w, https:\/\/art-delaunay.com\/wp-content\/uploads\/2026\/04\/appel-telephonique-300x300.png 300w, https:\/\/art-delaunay.com\/wp-content\/uploads\/2026\/04\/appel-telephonique.png 512w\" sizes=\"auto, (max-width: 150px) 100vw, 150px\" \/><\/figure><div class=\"wp-block-media-text__content\">\n<p class=\"has-large-font-size\">0644972505<\/p>\n<\/div><\/div>\n\n\n\n<div class=\"wp-block-media-text is-stacked-on-mobile\" style=\"grid-template-columns:15% auto\"><figure class=\"wp-block-media-text__media\"><img loading=\"lazy\" decoding=\"async\" width=\"150\" height=\"150\" src=\"https:\/\/art-delaunay.com\/wp-content\/uploads\/2026\/04\/panneau-de-localisation-150x150.png\" alt=\"\" class=\"wp-image-513 size-thumbnail\" srcset=\"https:\/\/art-delaunay.com\/wp-content\/uploads\/2026\/04\/panneau-de-localisation-150x150.png 150w, https:\/\/art-delaunay.com\/wp-content\/uploads\/2026\/04\/panneau-de-localisation-300x300.png 300w, https:\/\/art-delaunay.com\/wp-content\/uploads\/2026\/04\/panneau-de-localisation.png 512w\" sizes=\"auto, (max-width: 150px) 100vw, 150px\" \/><\/figure><div class=\"wp-block-media-text__content\">\n<p class=\"has-large-font-size\">29 RUE JEAN JAURES, 87400 Saint-L\u00e9onard-de-Noblat<\/p>\n<\/div><\/div>\n","protected":false},"excerpt":{"rendered":"<p>Bienvenue \u00e0 toutes et \u00e0 tous. Si vous d\u00e9sirez rejoindre mon univers pour des \u00e9ventuelles expositions, d\u00e9couvrir mes cr\u00e9ations n&rsquo;h\u00e9sitez pas \u00e0 me contacter&nbsp;. Ma philosophie artistique est con\u00e7ue et accessible \u00e0 tous, avec des prix attractifs. je permets \u00e0 toutes les situations financi\u00e8res de poss\u00e9der une de mes cr\u00e9ations. Des visites de mon atelier [&hellip;]<\/p>\n","protected":false},"author":1,"featured_media":0,"parent":0,"menu_order":0,"comment_status":"closed","ping_status":"closed","template":"page-no-separators","meta":{"footnotes":""},"class_list":["post-2","page","type-page","status-publish","hentry"],"_links":{"self":[{"href":"https:\/\/art-delaunay.com\/index.php\/wp-json\/wp\/v2\/pages\/2","targetHints":{"allow":["GET"]}}],"collection":[{"href":"https:\/\/art-delaunay.com\/index.php\/wp-json\/wp\/v2\/pages"}],"about":[{"href":"https:\/\/art-delaunay.com\/index.php\/wp-json\/wp\/v2\/types\/page"}],"author":[{"embeddable":true,"href":"https:\/\/art-delaunay.com\/index.php\/wp-json\/wp\/v2\/users\/1"}],"replies":[{"embeddable":true,"href":"https:\/\/art-delaunay.com\/index.php\/wp-json\/wp\/v2\/comments?post=2"}],"version-history":[{"count":18,"href":"https:\/\/art-delaunay.com\/index.php\/wp-json\/wp\/v2\/pages\/2\/revisions"}],"predecessor-version":[{"id":515,"href":"https:\/\/art-delaunay.com\/index.php\/wp-json\/wp\/v2\/pages\/2\/revisions\/515"}],"wp:attachment":[{"href":"https:\/\/art-delaunay.com\/index.php\/wp-json\/wp\/v2\/media?parent=2"}],"curies":[{"name":"wp","href":"https:\/\/api.w.org\/{rel}","templated":true}]}}